{"id":70,"date":"2025-06-16T18:28:12","date_gmt":"2025-06-16T23:28:12","guid":{"rendered":"https:\/\/congresos.uleam.edu.ec\/cictd\/?page_id=70"},"modified":"2025-07-15T22:37:16","modified_gmt":"2025-07-16T03:37:16","slug":"comites","status":"publish","type":"page","link":"https:\/\/congresos.uleam.edu.ec\/cictd\/comites\/","title":{"rendered":"Comit\u00e9s"},"content":{"rendered":"\n<div class=\"wp-block-columns is-layout-flex wp-container-core-columns-is-layout-9d6595d7 wp-block-columns-is-layout-flex\">\n<div class=\"wp-block-column is-layout-flow wp-block-column-is-layout-flow\" style=\"flex-basis:33.33%\">\n<figure class=\"wp-block-image size-full\"><img fetchpriority=\"high\" decoding=\"async\" width=\"381\" height=\"526\" src=\"https:\/\/congresos.uleam.edu.ec\/cictd\/wp-content\/uploads\/sites\/4\/2025\/06\/comites.jpg\" alt=\"\" class=\"wp-image-71\" srcset=\"https:\/\/congresos.uleam.edu.ec\/cictd\/wp-content\/uploads\/sites\/4\/2025\/06\/comites.jpg 381w, https:\/\/congresos.uleam.edu.ec\/cictd\/wp-content\/uploads\/sites\/4\/2025\/06\/comites-217x300.jpg 217w\" sizes=\"(max-width: 381px) 100vw, 381px\" \/><\/figure>\n<\/div>\n\n\n\n<div class=\"wp-block-column is-layout-flow wp-block-column-is-layout-flow\" style=\"flex-basis:66.66%\">\n<h2 style=\"color: #2c3e50;font-family: 'Inter', sans-serif;text-align: center;margin-bottom: 0px\">Nuestros Comit\u00e9s<\/h2>\n<p style=\"text-align: center;color: #555;font-size: 1.1em;margin-bottom: 30px\">Conozca a los profesionales que hacen posible este congreso.<\/p>\n\n<!-- Comit\u00e9 Honor\u00edfico -->\n<details style=\"margin-bottom: 20px;border: 1px solid #e0e0e0;border-radius: 10px;overflow: hidden;background-color: #ffffff\">\n    <summary style=\"background-color: #f0f4f7;padding: 18px 25px;cursor: pointer;font-weight: bold;color: #34495e;font-size: 1.2em;border-bottom: 1px solid #e0e0e0;justify-content: space-between;align-items: center;border-radius: 10px 10px 0 0\">\n        <span>Comit\u00e9 Honor\u00edfico<\/span>\n        <span style=\"font-size: 0.9em\">&#x25BC;<\/span>\n    <\/summary>\n    <div style=\"padding: 20px 25px;background-color: #fff;color: #555;line-height: 1.7;font-family: 'Inter', sans-serif\">\n        <ul style=\"padding: 0;margin: 0\">\n            <li style=\"margin-bottom: 12px\"><strong style=\"color: #007bb6\">Dr. Marcos Zambrano Zambrano<\/strong> &#8211; Universidad Laica Eloy Alfaro de Manab\u00ed, Ecuador<\/li>\n            <li style=\"margin-bottom: 12px\"><strong style=\"color: #007bb6\">Dr. Pedro Quijije Anchundia<\/strong> &#8211; Universidad Laica Eloy Alfaro de Manab\u00ed, Ecuador<\/li>\n            <li style=\"margin-bottom: 12px\"><strong style=\"color: #007bb6\">Dra. Jackeline Terranova Ruiz<\/strong> &#8211; Universidad Laica Eloy Alfaro de Manab\u00ed, Ecuador<\/li>\n            <li style=\"margin-bottom: 12px\"><strong style=\"color: #007bb6\">Dr. Lenin Arroyo Balt\u00e1n<\/strong> &#8211; Universidad Laica Eloy Alfaro de Manab\u00ed, Ecuador<\/li>\n            <li><strong style=\"color: #007bb6\">Mg. Richard Rodr\u00edguez Andrade<\/strong> &#8211; Universidad Laica Eloy Alfaro de Manab\u00ed, Ecuador<\/li>\n        <\/ul>\n    <\/div>\n<\/details>\n\n<!-- Comit\u00e9 Cient\u00edfico -->\n<details style=\"margin-bottom: 20px;border: 1px solid #e0e0e0;border-radius: 10px;overflow: hidden;background-color: #ffffff\">\n    <summary style=\"background-color: #f0f4f7;padding: 18px 25px;cursor: pointer;font-weight: bold;color: #34495e;font-size: 1.2em;border-bottom: 1px solid #e0e0e0;justify-content: space-between;align-items: center;border-radius: 10px 10px 0 0\">\n        <span>Comit\u00e9 Cient\u00edfico<\/span>\n        <span style=\"font-size: 0.9em\">&#x25BC;<\/span>\n    <\/summary>\n    <div style=\"padding: 20px 25px;background-color: #fff;color: #555;line-height: 1.7;font-family: 'Inter', sans-serif\">\n        <ul style=\"padding: 0;margin: 0\">\n            <li style=\"margin-bottom: 12px\"><strong style=\"color: #007bb6\">Dr. Juan Pablo Tr\u00e1mpuz Reyes<\/strong> \u2013 Universidad Laica Eloy Alfaro de Manab\u00ed, Ecuador<\/li>\n            <li style=\"margin-bottom: 12px\"><strong style=\"color: #007bb6\">Mag. Jhonny Mendoza Bravo<\/strong> &#8211; Universidad Laica Eloy Alfaro de Manab\u00ed, Ecuador<\/li>\n            <li style=\"margin-bottom: 12px\"><strong style=\"color: #007bb6\">Dra. Roxana Almeida Mac\u00edas<\/strong> &#8211; Universidad Laica Eloy Alfaro de Manab\u00ed, Ecuador<\/li>\n            <li style=\"margin-bottom: 12px\"><strong style=\"color: #007bb6\">Dra. Patricia Henr\u00edquez Coronel<\/strong> &#8211; Universidad Laica Eloy Alfaro de Manab\u00ed, Ecuador<\/li>\n            <li style=\"margin-bottom: 12px\"><strong style=\"color: #007bb6\">Dra. Damian Mendoza Zambrano<\/strong> &#8211; Universidad Laica Eloy Alfaro de Manab\u00ed, Ecuador<\/li>\n            <li style=\"margin-bottom: 12px\"><strong style=\"color: #007bb6\">Mag. Mirian Quiroz P\u00e1rraga<\/strong> &#8211; Universidad Laica Eloy Alfaro de Manab\u00ed, Ecuador<\/li>\n            <li style=\"margin-bottom: 12px\"><strong style=\"color: #007bb6\">Dra. Gabriela V\u00e9lez Bermello<\/strong> &#8211; Universidad Laica Eloy Alfaro de Manab\u00ed, Ecuador<\/li>\n            <li style=\"margin-bottom: 12px\"><strong style=\"color: #007bb6\">Dr. Julio C\u00e9sar Garc\u00eda Garc\u00eda<\/strong> &#8211; Universidad Laica Eloy Alfaro de Manab\u00ed, Ecuador<\/li>\n            <li style=\"margin-bottom: 12px\"><strong style=\"color: #007bb6\">Dr. Luis Fernando Cede\u00f1o Astudillo<\/strong> \u2013 Universidad Laica Eloy Alfaro de Manab\u00ed, Ecuador<\/li>\n            <li style=\"margin-bottom: 12px\"><strong style=\"color: #007bb6\">Dr. Jairo Enrique Santander Abril<\/strong> &#8211; Universidad de los Andes, Colombia<\/li>\n            <li style=\"margin-bottom: 12px\"><strong style=\"color: #007bb6\">Dra. Andrea Cristancho Cuesta<\/strong> \u2013 Universidad Centroamericana Jos\u00e9 Sime\u00f3n Ca\u00f1as, El Salvador<\/li>\n            <li style=\"margin-bottom: 12px\"><strong style=\"color: #007bb6\">Dra. Adriana Roc\u00edo Robles Villane<\/strong> \u2013 El Colegio de M\u00e9xico, M\u00e9xico<\/li>\n            <li style=\"margin-bottom: 12px\"><strong style=\"color: #007bb6\">Dra. Antonia Ram\u00edrez Garc\u00eda<\/strong> \u2013 Universidad de C\u00f3rdoba, Espa\u00f1a<\/li>\n            <li style=\"margin-bottom: 12px\"><strong style=\"color: #007bb6\">Dr. Emerson Devia Acevedo<\/strong> \u2013 Universidad de la Salle, Colombia<\/li>\n            <li style=\"margin-bottom: 12px\"><strong style=\"color: #007bb6\">Dr. Miguel Herrera<\/strong> \u2013 Universit\u00e9 Paris I Panth\u00e9on-Sorbonne, Francia<\/li>\n            <li style=\"margin-bottom: 12px\"><strong style=\"color: #007bb6\">Dra. Irina Salcines Talledo<\/strong> \u2013 Universidad de Cantabria, Espa\u00f1a<\/li>\n            <li style=\"margin-bottom: 12px\"><strong style=\"color: #007bb6\">Dr. Daniel Mac\u00edas Fern\u00e1ndez<\/strong> \u2013 Universidad de Cantabria, Espa\u00f1a<\/li>\n            <li><strong style=\"color: #007bb6\">Mag. Gonzalo Pisco S\u00e1nchez<\/strong> &#8211; Universidad Laica Eloy Alfaro de Manab\u00ed, Ecuador<\/li>\n        <\/ul>\n    <\/div>\n<\/details>\n\n<!-- Comit\u00e9 de Organizaci\u00f3n -->\n<details style=\"margin-bottom: 20px;border: 1px solid #e0e0e0;border-radius: 10px;overflow: hidden;background-color: #ffffff\">\n  <summary style=\"background-color: #f0f4f7;padding: 18px 25px;cursor: pointer;font-weight: bold;color: #34495e;font-size: 1.2em;border-bottom: 1px solid #e0e0e0;justify-content: space-between;align-items: center;border-radius: 10px 10px 0 0\">\n    <span>Comit\u00e9 de Organizaci\u00f3n<\/span>\n    <span style=\"font-size: 0.9em\">&#x25BC;<\/span>\n  <\/summary>\n  <div style=\"padding: 20px 25px;background-color: #fff;color: #555;font-family: 'Inter', sans-serif\">\n\n    <!-- Coordinador -->\n    <div style=\"margin-bottom: 20px\">\n      <p style=\"margin: 0 0 8px;font-weight: bold;color: #34495e\">Coordinador<\/p>\n      <ul style=\"margin: 0;padding-left: 20px\">\n        <li style=\"margin-bottom: 12px\">\n          <strong style=\"color: #007bb6\">Dr. (c) Oscar Molina Bail\u00f3n<\/strong> \u2013 Universidad Laica Eloy Alfaro de Manab\u00ed, Ecuador\n        <\/li>\n      <\/ul>\n    <\/div>\n\n    <!-- Secretar\u00eda t\u00e9cnica -->\n    <div style=\"margin-bottom: 20px\">\n      <p style=\"margin: 0 0 8px;font-weight: bold;color: #34495e\">Secretar\u00eda t\u00e9cnica<\/p>\n      <ul style=\"margin: 0;padding-left: 20px\">\n        <li style=\"margin-bottom: 12px\">\n          <strong style=\"color: #007bb6\">Mag. Erik Cumba Castro<\/strong> \u2013 Universidad Laica Eloy Alfaro de Manab\u00ed, Ecuador\n        <\/li>\n      <\/ul>\n    <\/div>\n\n    <!-- Comisi\u00f3n T\u00e9cnica -->\n    <div style=\"margin-bottom: 20px\">\n      <p style=\"margin: 0 0 8px;font-weight: bold;color: #34495e\">Comisi\u00f3n T\u00e9cnica<\/p>\n      <ul style=\"margin: 0;padding-left: 20px\">\n        <li style=\"margin-bottom: 12px\">\n          <strong style=\"color: #007bb6\">Mag. Patricio Carri\u00f3n<\/strong> \u2013 Universidad Laica Eloy Alfaro de Manab\u00ed, Ecuador\n        <\/li>\n        <li style=\"margin-bottom: 12px\">\n          <strong style=\"color: #007bb6\">Mag. Edgar Burau Grain<\/strong> \u2013 Universidad Laica Eloy Alfaro de Manab\u00ed, Ecuador\n        <\/li>\n        <li style=\"margin-bottom: 12px\">\n          <strong style=\"color: #007bb6\">Mag. Zeiden Chancay C\u00e1rdenas<\/strong> \u2013 Universidad Laica Eloy Alfaro de Manab\u00ed, Ecuador\n        <\/li>\n      <\/ul>\n    <\/div>\n\n    <!-- Comisi\u00f3n de difusi\u00f3n -->\n    <div style=\"margin-bottom: 20px\">\n      <p style=\"margin: 0 0 8px;font-weight: bold;color: #34495e\">Comisi\u00f3n de difusi\u00f3n<\/p>\n      <ul style=\"margin: 0;padding-left: 20px\">\n        <li style=\"margin-bottom: 12px\">\n          <strong style=\"color: #007bb6\">Mag. Jean Carlos Santos Palma<\/strong> \u2013 Universidad Laica Eloy Alfaro de Manab\u00ed, Ecuador\n        <\/li>\n        <li style=\"margin-bottom: 12px\">\n          <strong style=\"color: #007bb6\">Mag. John Jairo Reyes Andrade<\/strong> \u2013 Universidad Laica Eloy Alfaro de Manab\u00ed, Ecuador\n        <\/li>\n        <li style=\"margin-bottom: 12px\">\n          <strong style=\"color: #007bb6\">Mag. Guido Mac\u00edas<\/strong> \u2013 Universidad Laica Eloy Alfaro de Manab\u00ed, Ecuador\n        <\/li>\n      <\/ul>\n    <\/div>\n\n    <!-- Comisi\u00f3n de Log\u00edstica y Protocolo -->\n    <div>\n      <p style=\"margin: 0 0 8px;font-weight: bold;color: #34495e\">Comisi\u00f3n de Log\u00edstica y Protocolo<\/p>\n      <ul style=\"margin: 0;padding-left: 20px\">\n        <li style=\"margin-bottom: 12px\">\n          <strong style=\"color: #007bb6\">Mag. Karla Mendieta Torres<\/strong> \u2013 Universidad Laica Eloy Alfaro de Manab\u00ed, Ecuador\n        <\/li>\n        <li style=\"margin-bottom: 12px\">\n          <strong style=\"color: #007bb6\">Mag. Rosa Isabel Flores<\/strong> \u2013 Universidad Laica Eloy Alfaro de Manab\u00ed, Ecuador\n        <\/li>\n      <\/ul>\n    <\/div>\n\n  <\/div>\n<\/details>\n\n<\/div>\n<\/div>\n","protected":false},"excerpt":{"rendered":"<p>Nuestros Comit\u00e9s Conozca a los profesionales que hacen posible este congreso. Comit\u00e9 Honor\u00edfico &#x25BC; Dr. Marcos Zambrano Zambrano &#8211; Universidad Laica Eloy Alfaro de Manab\u00ed, Ecuador Dr. Pedro Quijije Anchundia &#8211; Universidad Laica Eloy Alfaro de Manab\u00ed, Ecuador Dra. Jackeline Terranova Ruiz &#8211; Universidad Laica Eloy Alfaro de Manab\u00ed, Ecuador Dr. Lenin Arroyo Balt\u00e1n &#8211; Universidad Laica Eloy Alfaro de [&hellip;]<\/p>\n","protected":false},"author":3,"featured_media":0,"parent":0,"menu_order":0,"comment_status":"closed","ping_status":"closed","template":"","meta":{"footnotes":""},"class_list":["post-70","page","type-page","status-publish","hentry"],"_links":{"self":[{"href":"https:\/\/congresos.uleam.edu.ec\/cictd\/wp-json\/wp\/v2\/pages\/70","targetHints":{"allow":["GET"]}}],"collection":[{"href":"https:\/\/congresos.uleam.edu.ec\/cictd\/wp-json\/wp\/v2\/pages"}],"about":[{"href":"https:\/\/congresos.uleam.edu.ec\/cictd\/wp-json\/wp\/v2\/types\/page"}],"author":[{"embeddable":true,"href":"https:\/\/congresos.uleam.edu.ec\/cictd\/wp-json\/wp\/v2\/users\/3"}],"replies":[{"embeddable":true,"href":"https:\/\/congresos.uleam.edu.ec\/cictd\/wp-json\/wp\/v2\/comments?post=70"}],"version-history":[{"count":24,"href":"https:\/\/congresos.uleam.edu.ec\/cictd\/wp-json\/wp\/v2\/pages\/70\/revisions"}],"predecessor-version":[{"id":198,"href":"https:\/\/congresos.uleam.edu.ec\/cictd\/wp-json\/wp\/v2\/pages\/70\/revisions\/198"}],"wp:attachment":[{"href":"https:\/\/congresos.uleam.edu.ec\/cictd\/wp-json\/wp\/v2\/media?parent=70"}],"curies":[{"name":"wp","href":"https:\/\/api.w.org\/{rel}","templated":true}]}}