{"id":7,"date":"2025-06-15T11:28:01","date_gmt":"2025-06-15T16:28:01","guid":{"rendered":"https:\/\/congresos.uleam.edu.ec\/cictd\/?page_id=7"},"modified":"2025-10-06T13:50:00","modified_gmt":"2025-10-06T18:50:00","slug":"primer-congreso-internacional-de-comunicacion-y-transformacion-digital-2025","status":"publish","type":"page","link":"https:\/\/congresos.uleam.edu.ec\/cictd\/","title":{"rendered":"Presentaci\u00f3n"},"content":{"rendered":"\n<p>El Primer Congreso de Comunicaci\u00f3n y Transformaci\u00f3n Digital 2025 se desarrollar\u00e1 en modalidad h\u00edbrida. El <strong>mi\u00e9rcoles 8 de octubre<\/strong>, de 08h00 a 17h00, se realizar\u00e1n <strong>cuatro conferencias magistrales presenciales<\/strong> con transmisi\u00f3n en l\u00ednea. El <strong>jueves 9 de octubre<\/strong>, de 09h30 a 17h00, se presentar\u00e1n <strong>39 ponencias acad\u00e9micas en modalidad virtual<\/strong>, organizadas en <strong>tres sesiones paralelas<\/strong>.<\/p>\n\n\n\n<div class=\"wp-block-columns is-layout-flex wp-container-core-columns-is-layout-9d6595d7 wp-block-columns-is-layout-flex\">\n<div class=\"wp-block-column is-layout-flow wp-block-column-is-layout-flow\">\n<div class=\"wp-block-buttons alignfull is-content-justification-center is-layout-flex wp-container-core-buttons-is-layout-16018d1d wp-block-buttons-is-layout-flex\">\n<div class=\"wp-block-button has-custom-width wp-block-button__width-100 is-style-outline is-style-outline--1\"><a class=\"wp-block-button__link has-white-color has-text-color has-background has-link-color has-medium-font-size has-text-align-center has-custom-font-size wp-element-button\" href=\"https:\/\/forms.gle\/jHeHa9Ar3RF41Fm2A\" style=\"border-radius:15px;background-color:#e91e63;font-style:normal;font-weight:700\">Inscribirme al congreso<\/a><\/div>\n<\/div>\n<\/div>\n\n\n\n<div class=\"wp-block-column is-layout-flow wp-block-column-is-layout-flow\">\n<div class=\"wp-block-buttons alignfull is-content-justification-center is-layout-flex wp-container-core-buttons-is-layout-16018d1d wp-block-buttons-is-layout-flex\">\n<div class=\"wp-block-button has-custom-width wp-block-button__width-100 is-style-outline is-style-outline--2\"><a class=\"wp-block-button__link has-white-color has-text-color has-background has-link-color has-medium-font-size has-text-align-center has-custom-font-size wp-element-button\" href=\"https:\/\/congresos.uleam.edu.ec\/cictd\/agenda\/\" style=\"border-radius:15px;background-color:#2a4a83\">Ver temas de ponencias<\/a><\/div>\n<\/div>\n<\/div>\n<\/div>\n\n\n\n<div class=\"wp-block-buttons is-content-justification-center is-layout-flex wp-container-core-buttons-is-layout-51f7783f wp-block-buttons-is-layout-flex\">\n<div class=\"wp-block-button has-custom-width wp-block-button__width-100\"><a class=\"wp-block-button__link has-white-color has-text-color has-background has-link-color has-medium-font-size has-custom-font-size wp-element-button\" href=\"https:\/\/drive.google.com\/file\/d\/1nGz2dkX3RlRmZ3cyhXelQkpSnsZ7uIcq\/view?usp=sharing\" style=\"border-radius:15px;background-color:#2a4a83\"><strong>Descargue aqu\u00ed la agenda oficial<\/strong><\/a><\/div>\n<\/div>\n\n\n\n<p><\/p>\n\n\n\n<div class=\"wp-block-columns is-layout-flex wp-container-core-columns-is-layout-9d6595d7 wp-block-columns-is-layout-flex\">\n<div class=\"wp-block-column is-layout-flow wp-block-column-is-layout-flow\" style=\"flex-basis:33.33%\">\n<figure class=\"wp-block-image size-full\"><img fetchpriority=\"high\" decoding=\"async\" width=\"350\" height=\"749\" src=\"https:\/\/congresos.uleam.edu.ec\/cictd\/wp-content\/uploads\/sites\/4\/2025\/06\/banner1.png\" alt=\"\" class=\"wp-image-15\" srcset=\"https:\/\/congresos.uleam.edu.ec\/cictd\/wp-content\/uploads\/sites\/4\/2025\/06\/banner1.png 350w, https:\/\/congresos.uleam.edu.ec\/cictd\/wp-content\/uploads\/sites\/4\/2025\/06\/banner1-140x300.png 140w\" sizes=\"(max-width: 350px) 100vw, 350px\" \/><\/figure>\n<\/div>\n\n\n\n<div class=\"wp-block-column is-layout-flow wp-block-column-is-layout-flow\" style=\"flex-basis:66.66%\">\n<p>En un entorno global marcado por la acelerada digitalizaci\u00f3n, la convergencia de plataformas y la irrupci\u00f3n de tecnolog\u00edas emergentes, los procesos comunicativos experimentan transformaciones sin precedentes, que redefinen los modos de interacci\u00f3n, producci\u00f3n y recepci\u00f3n de mensajes. Ante esta realidad, que plantea nuevos retos y oportunidades, el <strong>Primer Congreso Internacional en Comunicaci\u00f3n y Transformaci\u00f3n Digital 2025<\/strong> se erige como un espacio de di\u00e1logo interdisciplinario y rigor acad\u00e9mico para investigadores, docentes, profesionales y estudiantes de este campo.<\/p>\n\n\n\n<p>Este congreso, en su primera edici\u00f3n, es organizado por las carreras de Comunicaci\u00f3n de la <strong>Universidad Laica Eloy Alfaro de Manab\u00ed (Licenciatura en Comunicaci\u00f3n, Tecnolog\u00eda Superior en Comunicaci\u00f3n para Televisi\u00f3n, Relaciones P\u00fablicas y Protocolo)<\/strong>. A trav\u00e9s de <a href=\"https:\/\/congresos.uleam.edu.ec\/cictd\/lineas-tematicas\/\" data-type=\"page\" data-id=\"18\">ocho ejes tem\u00e1ticos<\/a> \u2014que abarcan desde la Inteligencia Artificial y la Innovaci\u00f3n Tecnol\u00f3gica hasta la Comunicaci\u00f3n Pol\u00edtica, la Educomunicaci\u00f3n y el Desarrollo Sostenible\u2014, este evento internacional, promueve una reflexi\u00f3n cr\u00edtica sobre la Comunicaci\u00f3n en el contexto tecnol\u00f3gico y cultural contempor\u00e1neo, fomentando el intercambio de experiencias, resultados de investigaci\u00f3n y buenas pr\u00e1cticas profesionales.<\/p>\n\n\n\n<p>Es importante acotar que todas las ponencias presentadas durante este c\u00f3nclave ser\u00e1n publicadas en extenso, ofreciendo a los autores dos opciones de difusi\u00f3n: un <strong>libro de memorias<\/strong> con c\u00f3digo ISBN editado por la <strong>Universidad Nacional de Loja<\/strong>, o un monogr\u00e1fico de la <strong>revista Santiago (Universidad de Oriente, Cuba)<\/strong>. El Primer Congreso Internacional en Comunicaci\u00f3n y Transformaci\u00f3n Digital ULEAM 2025 forma parte de la agenda conmemorativa por los 40 a\u00f1os de vida institucional de la ULEAM, reafirmando su compromiso con la excelencia acad\u00e9mica y la innovaci\u00f3n en el \u00e1mbito de la Comunicaci\u00f3n.<\/p>\n<\/div>\n<\/div>\n\n\n\n<p class=\"has-text-align-center has-text-color has-link-color wp-elements-bb13aa93e4fd0bd28304e63880f6bcea\" style=\"color:#f6003d;font-size:25px\"><strong><mark style=\"background-color:#ffffff;color:#ff0040\" class=\"has-inline-color\">Conferencias Magistrales<\/mark><\/strong><\/p>\n\n\n\n<div class=\"wp-block-columns is-layout-flex wp-container-core-columns-is-layout-9d6595d7 wp-block-columns-is-layout-flex\">\n<div class=\"wp-block-column is-layout-flow wp-block-column-is-layout-flow\">\n<figure class=\"wp-block-image size-large\"><img decoding=\"async\" width=\"1024\" height=\"1016\" src=\"https:\/\/congresos.uleam.edu.ec\/cictd\/wp-content\/uploads\/sites\/4\/2025\/09\/Imagen-de-WhatsApp-2025-09-22-a-las-09.09.39_e6acb27c-1024x1016.jpg\" alt=\"\" class=\"wp-image-544\" srcset=\"https:\/\/congresos.uleam.edu.ec\/cictd\/wp-content\/uploads\/sites\/4\/2025\/09\/Imagen-de-WhatsApp-2025-09-22-a-las-09.09.39_e6acb27c-1024x1016.jpg 1024w, https:\/\/congresos.uleam.edu.ec\/cictd\/wp-content\/uploads\/sites\/4\/2025\/09\/Imagen-de-WhatsApp-2025-09-22-a-las-09.09.39_e6acb27c-300x298.jpg 300w, https:\/\/congresos.uleam.edu.ec\/cictd\/wp-content\/uploads\/sites\/4\/2025\/09\/Imagen-de-WhatsApp-2025-09-22-a-las-09.09.39_e6acb27c-150x150.jpg 150w, https:\/\/congresos.uleam.edu.ec\/cictd\/wp-content\/uploads\/sites\/4\/2025\/09\/Imagen-de-WhatsApp-2025-09-22-a-las-09.09.39_e6acb27c-768x762.jpg 768w, https:\/\/congresos.uleam.edu.ec\/cictd\/wp-content\/uploads\/sites\/4\/2025\/09\/Imagen-de-WhatsApp-2025-09-22-a-las-09.09.39_e6acb27c-1536x1524.jpg 1536w, https:\/\/congresos.uleam.edu.ec\/cictd\/wp-content\/uploads\/sites\/4\/2025\/09\/Imagen-de-WhatsApp-2025-09-22-a-las-09.09.39_e6acb27c.jpg 1600w\" sizes=\"(max-width: 1024px) 100vw, 1024px\" \/><\/figure>\n<\/div>\n\n\n\n<div class=\"wp-block-column is-layout-flow wp-block-column-is-layout-flow\">\n<figure class=\"wp-block-image size-large\"><img decoding=\"async\" width=\"1024\" height=\"1016\" src=\"https:\/\/congresos.uleam.edu.ec\/cictd\/wp-content\/uploads\/sites\/4\/2025\/07\/Imagen-de-WhatsApp-2025-07-28-a-las-13.58.15_a26fc389-1024x1016.jpg\" alt=\"\" class=\"wp-image-248\" srcset=\"https:\/\/congresos.uleam.edu.ec\/cictd\/wp-content\/uploads\/sites\/4\/2025\/07\/Imagen-de-WhatsApp-2025-07-28-a-las-13.58.15_a26fc389-1024x1016.jpg 1024w, https:\/\/congresos.uleam.edu.ec\/cictd\/wp-content\/uploads\/sites\/4\/2025\/07\/Imagen-de-WhatsApp-2025-07-28-a-las-13.58.15_a26fc389-300x298.jpg 300w, https:\/\/congresos.uleam.edu.ec\/cictd\/wp-content\/uploads\/sites\/4\/2025\/07\/Imagen-de-WhatsApp-2025-07-28-a-las-13.58.15_a26fc389-150x150.jpg 150w, https:\/\/congresos.uleam.edu.ec\/cictd\/wp-content\/uploads\/sites\/4\/2025\/07\/Imagen-de-WhatsApp-2025-07-28-a-las-13.58.15_a26fc389-768x762.jpg 768w, https:\/\/congresos.uleam.edu.ec\/cictd\/wp-content\/uploads\/sites\/4\/2025\/07\/Imagen-de-WhatsApp-2025-07-28-a-las-13.58.15_a26fc389-1536x1524.jpg 1536w, https:\/\/congresos.uleam.edu.ec\/cictd\/wp-content\/uploads\/sites\/4\/2025\/07\/Imagen-de-WhatsApp-2025-07-28-a-las-13.58.15_a26fc389.jpg 1600w\" sizes=\"(max-width: 1024px) 100vw, 1024px\" \/><\/figure>\n<\/div>\n<\/div>\n\n\n\n<div class=\"wp-block-columns is-layout-flex wp-container-core-columns-is-layout-9d6595d7 wp-block-columns-is-layout-flex\">\n<div class=\"wp-block-column is-layout-flow wp-block-column-is-layout-flow\">\n<figure class=\"wp-block-image size-large\"><img loading=\"lazy\" decoding=\"async\" width=\"1024\" height=\"1016\" src=\"https:\/\/congresos.uleam.edu.ec\/cictd\/wp-content\/uploads\/sites\/4\/2025\/07\/Imagen-de-WhatsApp-2025-07-28-a-las-13.58.14_76e187b1-1024x1016.jpg\" alt=\"\" class=\"wp-image-249\" srcset=\"https:\/\/congresos.uleam.edu.ec\/cictd\/wp-content\/uploads\/sites\/4\/2025\/07\/Imagen-de-WhatsApp-2025-07-28-a-las-13.58.14_76e187b1-1024x1016.jpg 1024w, https:\/\/congresos.uleam.edu.ec\/cictd\/wp-content\/uploads\/sites\/4\/2025\/07\/Imagen-de-WhatsApp-2025-07-28-a-las-13.58.14_76e187b1-300x298.jpg 300w, https:\/\/congresos.uleam.edu.ec\/cictd\/wp-content\/uploads\/sites\/4\/2025\/07\/Imagen-de-WhatsApp-2025-07-28-a-las-13.58.14_76e187b1-150x150.jpg 150w, https:\/\/congresos.uleam.edu.ec\/cictd\/wp-content\/uploads\/sites\/4\/2025\/07\/Imagen-de-WhatsApp-2025-07-28-a-las-13.58.14_76e187b1-768x762.jpg 768w, https:\/\/congresos.uleam.edu.ec\/cictd\/wp-content\/uploads\/sites\/4\/2025\/07\/Imagen-de-WhatsApp-2025-07-28-a-las-13.58.14_76e187b1-1536x1524.jpg 1536w, https:\/\/congresos.uleam.edu.ec\/cictd\/wp-content\/uploads\/sites\/4\/2025\/07\/Imagen-de-WhatsApp-2025-07-28-a-las-13.58.14_76e187b1.jpg 1600w\" sizes=\"(max-width: 1024px) 100vw, 1024px\" \/><\/figure>\n<\/div>\n\n\n\n<div class=\"wp-block-column is-layout-flow wp-block-column-is-layout-flow\">\n<figure class=\"wp-block-image size-large\"><img loading=\"lazy\" decoding=\"async\" width=\"1024\" height=\"1016\" src=\"https:\/\/congresos.uleam.edu.ec\/cictd\/wp-content\/uploads\/sites\/4\/2025\/07\/Imagen-de-WhatsApp-2025-07-28-a-las-13.58.14_9f94be3a-1024x1016.jpg\" alt=\"\" class=\"wp-image-250\" srcset=\"https:\/\/congresos.uleam.edu.ec\/cictd\/wp-content\/uploads\/sites\/4\/2025\/07\/Imagen-de-WhatsApp-2025-07-28-a-las-13.58.14_9f94be3a-1024x1016.jpg 1024w, https:\/\/congresos.uleam.edu.ec\/cictd\/wp-content\/uploads\/sites\/4\/2025\/07\/Imagen-de-WhatsApp-2025-07-28-a-las-13.58.14_9f94be3a-300x298.jpg 300w, https:\/\/congresos.uleam.edu.ec\/cictd\/wp-content\/uploads\/sites\/4\/2025\/07\/Imagen-de-WhatsApp-2025-07-28-a-las-13.58.14_9f94be3a-150x150.jpg 150w, https:\/\/congresos.uleam.edu.ec\/cictd\/wp-content\/uploads\/sites\/4\/2025\/07\/Imagen-de-WhatsApp-2025-07-28-a-las-13.58.14_9f94be3a-768x762.jpg 768w, https:\/\/congresos.uleam.edu.ec\/cictd\/wp-content\/uploads\/sites\/4\/2025\/07\/Imagen-de-WhatsApp-2025-07-28-a-las-13.58.14_9f94be3a-1536x1524.jpg 1536w, https:\/\/congresos.uleam.edu.ec\/cictd\/wp-content\/uploads\/sites\/4\/2025\/07\/Imagen-de-WhatsApp-2025-07-28-a-las-13.58.14_9f94be3a.jpg 1600w\" sizes=\"(max-width: 1024px) 100vw, 1024px\" \/><\/figure>\n<\/div>\n<\/div>\n\n\n\n<div style=\"margin: 20px auto;max-width: 100%;border: 1px solid #e0e0e0;border-radius: 10px\">\n    <table style=\"width: 100%;border-collapse: collapse;font-family: 'Inter', sans-serif;color: #333;background-color: #ffffff\">\n        <thead style=\"color: #ffffff\">\n            <tr>\n                <th colspan=\"2\" style=\"padding: 18px 25px;font-size: 1.2em;text-align: center;border-bottom: 2px solid #2c3e50;font-weight: normal;text-transform: uppercase;background-color: #2c3e50;border-top-left-radius: 8px;border-top-right-radius: 8px\">\n                    CRONOGRAMA\n                <\/th>\n            <\/tr>\n            <tr style=\"background-color: #34495e\">\n                <th style=\"padding: 15px 20px;text-align: center;font-size: 1em;font-weight: bold;border-bottom: 1px solid #4a6c8e;width: 70%\">Actividad<\/th>\n                <th style=\"padding: 15px 20px;text-align: center;font-size: 1em;font-weight: bold;border-bottom: 1px solid #4a6c8e;width: 30%\">Fecha<\/th>\n            <\/tr>\n        <\/thead>\n        <tbody>\n            <tr style=\"background-color: #f8fafd\">\n                <td style=\"padding: 12px 20px;border-bottom: 1px solid #eee;text-align: left\">El lanzamiento de la convocatoria de propuestas<\/td>\n                <td style=\"padding: 12px 20px;border-bottom: 1px solid #eee;text-align: right\">24 de junio<\/td>\n            <\/tr>\n            <tr>\n                <td style=\"padding: 12px 20px;border-bottom: 1px solid #eee;text-align: left\">Cierre de la convocatoria de propuestas<\/td>\n                <td style=\"padding: 12px 20px;border-bottom: 1px solid #eee;text-align: right\">20 de agosto<\/td>\n            <\/tr>\n            <tr style=\"background-color: #f8fafd\">\n                <td style=\"padding: 12px 20px;border-bottom: 1px solid #eee;text-align: left\">Notificaci\u00f3n de aceptaci\u00f3n o rechazo de trabajos<\/td>\n                <td style=\"padding: 12px 20px;border-bottom: 1px solid #eee;text-align: right\">5 de septiembre<\/td>\n            <\/tr>\n            <tr>\n                <td style=\"padding: 12px 20px;border-bottom: 1px solid #eee;text-align: left\">Fecha m\u00e1xima de inscripciones<\/td>\n                <td style=\"padding: 12px 20px;border-bottom: 1px solid #eee;text-align: right\">30 de septiembre<\/td>\n            <\/tr>\n            <tr style=\"background-color: #f8fafd\">\n                <td style=\"padding: 12px 20px;border-bottom: 1px solid #eee;text-align: left\">Evento inaugural del congreso (presentaci\u00f3n de ponencias)<\/td>\n                <td style=\"padding: 12px 20px;border-bottom: 1px solid #eee;text-align: right\">8 de octubre<\/td>\n            <\/tr>\n            <tr>\n                <td style=\"padding: 12px 20px;border-bottom: 1px solid #eee;text-align: left\">Segundo d\u00eda del congreso (presentaci\u00f3n de ponencias)<\/td>\n                <td style=\"padding: 12px 20px;border-bottom: 1px solid #eee;text-align: right\">9 de octubre<\/td>\n            <\/tr>\n            <tr style=\"background-color: #f8fafd\">\n                <td style=\"padding: 12px 20px;border-bottom: none;text-align: left;border-bottom-left-radius: 8px\">Fecha m\u00e1xima de recepci\u00f3n de extensos para publicaci\u00f3n<\/td>\n                <td style=\"padding: 12px 20px;border-bottom: none;text-align: right;border-bottom-right-radius: 8px\">15 de octubre<\/td>\n            <\/tr>\n        <\/tbody>\n    <\/table>\n<\/div>\n\n\n\n<p class=\"has-text-align-center has-text-color has-link-color has-medium-font-size wp-elements-bbd06d413a7fdf9a4ae457c0bb9dadc4\" style=\"color:#de0a42\"><strong>Auspiciantes<\/strong><\/p>\n\n\n\n<div class=\"wp-block-columns is-layout-flex wp-container-core-columns-is-layout-9d6595d7 wp-block-columns-is-layout-flex\">\n<div class=\"wp-block-column is-layout-flow wp-block-column-is-layout-flow\">\n<figure class=\"wp-block-image size-full\"><a href=\"https:\/\/atunec.com.ec\/\" target=\"_blank\" rel=\" noreferrer noopener\"><img loading=\"lazy\" decoding=\"async\" width=\"768\" height=\"528\" src=\"https:\/\/congresos.uleam.edu.ec\/cictd\/wp-content\/uploads\/sites\/4\/2025\/09\/logo1.jpg\" alt=\"\" class=\"wp-image-526\" srcset=\"https:\/\/congresos.uleam.edu.ec\/cictd\/wp-content\/uploads\/sites\/4\/2025\/09\/logo1.jpg 768w, https:\/\/congresos.uleam.edu.ec\/cictd\/wp-content\/uploads\/sites\/4\/2025\/09\/logo1-300x206.jpg 300w\" sizes=\"(max-width: 768px) 100vw, 768px\" \/><\/a><\/figure>\n<\/div>\n\n\n\n<div class=\"wp-block-column is-layout-flow wp-block-column-is-layout-flow\">\n<figure class=\"wp-block-image size-full\"><a href=\"https:\/\/casarosada.ec\/\" target=\"_blank\" rel=\" noreferrer noopener\"><img loading=\"lazy\" decoding=\"async\" width=\"776\" height=\"620\" src=\"https:\/\/congresos.uleam.edu.ec\/cictd\/wp-content\/uploads\/sites\/4\/2025\/09\/Logo4.jpg\" alt=\"\" class=\"wp-image-533\" srcset=\"https:\/\/congresos.uleam.edu.ec\/cictd\/wp-content\/uploads\/sites\/4\/2025\/09\/Logo4.jpg 776w, https:\/\/congresos.uleam.edu.ec\/cictd\/wp-content\/uploads\/sites\/4\/2025\/09\/Logo4-300x240.jpg 300w, https:\/\/congresos.uleam.edu.ec\/cictd\/wp-content\/uploads\/sites\/4\/2025\/09\/Logo4-768x614.jpg 768w, https:\/\/congresos.uleam.edu.ec\/cictd\/wp-content\/uploads\/sites\/4\/2025\/09\/Logo4-500x400.jpg 500w\" sizes=\"(max-width: 776px) 100vw, 776px\" \/><\/a><\/figure>\n<\/div>\n\n\n\n<div class=\"wp-block-column is-layout-flow wp-block-column-is-layout-flow\">\n<figure class=\"wp-block-image size-full\"><a href=\"https:\/\/www.oroverdemanta.com\/es\/\" target=\"_blank\" rel=\" noreferrer noopener\"><img loading=\"lazy\" decoding=\"async\" width=\"838\" height=\"602\" src=\"https:\/\/congresos.uleam.edu.ec\/cictd\/wp-content\/uploads\/sites\/4\/2025\/09\/Logo3.jpg\" alt=\"\" class=\"wp-image-528\" srcset=\"https:\/\/congresos.uleam.edu.ec\/cictd\/wp-content\/uploads\/sites\/4\/2025\/09\/Logo3.jpg 838w, https:\/\/congresos.uleam.edu.ec\/cictd\/wp-content\/uploads\/sites\/4\/2025\/09\/Logo3-300x216.jpg 300w, https:\/\/congresos.uleam.edu.ec\/cictd\/wp-content\/uploads\/sites\/4\/2025\/09\/Logo3-768x552.jpg 768w\" sizes=\"(max-width: 838px) 100vw, 838px\" \/><\/a><\/figure>\n<\/div>\n<\/div>\n\n\n\n<div class=\"wp-block-columns is-layout-flex wp-container-core-columns-is-layout-9d6595d7 wp-block-columns-is-layout-flex\">\n<div class=\"wp-block-column is-layout-flow wp-block-column-is-layout-flow\"><\/div>\n\n\n\n<div class=\"wp-block-column is-layout-flow wp-block-column-is-layout-flow\">\n<figure class=\"wp-block-image size-full\"><img loading=\"lazy\" decoding=\"async\" width=\"267\" height=\"189\" src=\"https:\/\/congresos.uleam.edu.ec\/cictd\/wp-content\/uploads\/sites\/4\/2025\/09\/descarga.png\" alt=\"\" class=\"wp-image-553\" \/><\/figure>\n<\/div>\n\n\n\n<div class=\"wp-block-column is-layout-flow wp-block-column-is-layout-flow\"><\/div>\n<\/div>\n\n\n\n<div class=\"wp-block-buttons is-layout-flex wp-block-buttons-is-layout-flex\"><\/div>\n\n\n\n<p><\/p>\n","protected":false},"excerpt":{"rendered":"<p>El Primer Congreso de Comunicaci\u00f3n y Transformaci\u00f3n Digital 2025 se desarrollar\u00e1 en modalidad h\u00edbrida. El mi\u00e9rcoles 8 de octubre, de 08h00 a 17h00, se realizar\u00e1n cuatro conferencias magistrales presenciales con transmisi\u00f3n en l\u00ednea. El jueves 9 de octubre, de 09h30 a 17h00, se presentar\u00e1n 39 ponencias acad\u00e9micas en modalidad virtual, organizadas en tres sesiones paralelas. En un entorno global marcado [&hellip;]<\/p>\n","protected":false},"author":3,"featured_media":0,"parent":0,"menu_order":0,"comment_status":"closed","ping_status":"closed","template":"","meta":{"footnotes":""},"class_list":["post-7","page","type-page","status-publish","hentry"],"_links":{"self":[{"href":"https:\/\/congresos.uleam.edu.ec\/cictd\/wp-json\/wp\/v2\/pages\/7","targetHints":{"allow":["GET"]}}],"collection":[{"href":"https:\/\/congresos.uleam.edu.ec\/cictd\/wp-json\/wp\/v2\/pages"}],"about":[{"href":"https:\/\/congresos.uleam.edu.ec\/cictd\/wp-json\/wp\/v2\/types\/page"}],"author":[{"embeddable":true,"href":"https:\/\/congresos.uleam.edu.ec\/cictd\/wp-json\/wp\/v2\/users\/3"}],"replies":[{"embeddable":true,"href":"https:\/\/congresos.uleam.edu.ec\/cictd\/wp-json\/wp\/v2\/comments?post=7"}],"version-history":[{"count":41,"href":"https:\/\/congresos.uleam.edu.ec\/cictd\/wp-json\/wp\/v2\/pages\/7\/revisions"}],"predecessor-version":[{"id":605,"href":"https:\/\/congresos.uleam.edu.ec\/cictd\/wp-json\/wp\/v2\/pages\/7\/revisions\/605"}],"wp:attachment":[{"href":"https:\/\/congresos.uleam.edu.ec\/cictd\/wp-json\/wp\/v2\/media?parent=7"}],"curies":[{"name":"wp","href":"https:\/\/api.w.org\/{rel}","templated":true}]}}