{"id":25,"date":"2025-06-15T12:46:21","date_gmt":"2025-06-15T17:46:21","guid":{"rendered":"https:\/\/congresos.uleam.edu.ec\/cictd\/?page_id=25"},"modified":"2025-07-17T10:22:29","modified_gmt":"2025-07-17T15:22:29","slug":"envio-de-propuestas","status":"publish","type":"page","link":"https:\/\/congresos.uleam.edu.ec\/cictd\/envio-de-propuestas\/","title":{"rendered":"Env\u00edo de propuestas"},"content":{"rendered":"\n<div class=\"wp-block-columns is-layout-flex wp-container-core-columns-is-layout-9d6595d7 wp-block-columns-is-layout-flex\">\n<div class=\"wp-block-column is-layout-flow wp-block-column-is-layout-flow\" style=\"flex-basis:33.33%\">\n<figure class=\"wp-block-image size-full\"><img fetchpriority=\"high\" decoding=\"async\" width=\"381\" height=\"526\" src=\"https:\/\/congresos.uleam.edu.ec\/cictd\/wp-content\/uploads\/sites\/4\/2025\/06\/propuestas.jpg\" alt=\"\" class=\"wp-image-26\" srcset=\"https:\/\/congresos.uleam.edu.ec\/cictd\/wp-content\/uploads\/sites\/4\/2025\/06\/propuestas.jpg 381w, https:\/\/congresos.uleam.edu.ec\/cictd\/wp-content\/uploads\/sites\/4\/2025\/06\/propuestas-217x300.jpg 217w\" sizes=\"(max-width: 381px) 100vw, 381px\" \/><\/figure>\n<\/div>\n\n\n\n<div class=\"wp-block-column is-layout-flow wp-block-column-is-layout-flow\" style=\"flex-basis:66.66%\">\n<p>Las propuestas para participar en el <strong>Primer Congreso Internacional en Comunicaci\u00f3n y Transformaci\u00f3n Digital 2025<\/strong> pueden tener dos formas: <strong><em>Ponencia<\/em><\/strong> y <strong><em>P\u00f3ster cient\u00edfico<\/em><\/strong>. Cada trabajo enviado ser\u00e1 sometido a evaluaci\u00f3n por pares a cargo del Comit\u00e9 Cient\u00edfico del evento.<\/p>\n\n\n\n<!-- Ponencia Section -->\n    <div style=\"background-color: #f8fafd;padding: 25px;border-radius: 12px;margin-bottom: 30px\">\n        <div style=\"justify-content: space-between;align-items: center;flex-wrap: wrap;margin-bottom: 15px\">\n            <h3 style=\"color: #007bb6;font-size: 1.6em;margin: 0;padding-right: 15px\">\n                PONENCIA\n            <\/h3>\n            <a href=\"https:\/\/congresos.uleam.edu.ec\/cictd\/wp-content\/uploads\/sites\/4\/2025\/06\/Plantilla-para-resumen.docx\" download style=\"background-color: #007bb6;color: #ffffff;padding: 10px 20px;border-radius: 8px;text-decoration: none;font-weight: bold;font-size: 0.95em\">\n                <span style=\"margin-right: 8px\">&#x2193;<\/span> Descargar Plantilla\n            <\/a>\n        <\/div>\n        <p style=\"color: #555;line-height: 1.6em;font-size: 1em\">\n            Es una presentaci\u00f3n individual o grupal que expone los resultados parciales o finales\n            de una investigaci\u00f3n, reflexi\u00f3n te\u00f3rica, estudio de caso o experiencia profesional\n            vinculada a los ejes tem\u00e1ticos del congreso.\n        <\/p>\n    <\/div>\n\n    <!-- P\u00f3ster Cient\u00edfico Section -->\n    <div style=\"background-color: #f8fafd;padding: 25px;border-radius: 12px;margin-bottom: 30px\">\n        <div style=\"justify-content: space-between;align-items: center;flex-wrap: wrap;margin-bottom: 15px\">\n            <h3 style=\"color: #007bb6;font-size: 1.6em;margin: 0;padding-right: 15px\">\n                P\u00d3STER CIENT\u00cdFICO\n            <\/h3>\n            <a href=\"https:\/\/congresos.uleam.edu.ec\/cictd\/wp-content\/uploads\/sites\/4\/2025\/06\/Plantilla-para-poster-cientifico.docx\" download style=\"background-color: #007bb6;color: #ffffff;padding: 10px 20px;border-radius: 8px;text-decoration: none;font-weight: bold;font-size: 0.95em\">\n                <span style=\"margin-right: 8px\">&#x2193;<\/span> Descargar Plantilla\n            <\/a>\n        <\/div>\n        <p style=\"color: #555;line-height: 1.6em;font-size: 1em\">\n            Modalidad visual y sint\u00e9tica de presentaci\u00f3n de proyectos de investigaci\u00f3n o resultados\n            acad\u00e9micos, mediante una infograf\u00eda impresa o digital. La cual debe estar vinculada a\n            los ejes tem\u00e1ticos del congreso, y puede ser presentar de manera individual o grupal.\n        <\/p>\n    <\/div>\n\n\n\n<p>Todas las propuestas ser\u00e1n receptadas al siguiente correo: <strong><a href=\"mailto:congreso.gctdigital@uleam.edu.ec\">congreso.gctdigital@uleam.edu.ec<\/a> <\/strong><\/p>\n<\/div>\n<\/div>\n\n\n\n<p><\/p>\n","protected":false},"excerpt":{"rendered":"<p>Las propuestas para participar en el Primer Congreso Internacional en Comunicaci\u00f3n y Transformaci\u00f3n Digital 2025 pueden tener dos formas: Ponencia y P\u00f3ster cient\u00edfico. Cada trabajo enviado ser\u00e1 sometido a evaluaci\u00f3n por pares a cargo del Comit\u00e9 Cient\u00edfico del evento. PONENCIA &#x2193; Descargar Plantilla Es una presentaci\u00f3n individual o grupal que expone los resultados parciales o finales de una investigaci\u00f3n, reflexi\u00f3n [&hellip;]<\/p>\n","protected":false},"author":3,"featured_media":0,"parent":0,"menu_order":0,"comment_status":"closed","ping_status":"closed","template":"","meta":{"footnotes":""},"class_list":["post-25","page","type-page","status-publish","hentry"],"_links":{"self":[{"href":"https:\/\/congresos.uleam.edu.ec\/cictd\/wp-json\/wp\/v2\/pages\/25","targetHints":{"allow":["GET"]}}],"collection":[{"href":"https:\/\/congresos.uleam.edu.ec\/cictd\/wp-json\/wp\/v2\/pages"}],"about":[{"href":"https:\/\/congresos.uleam.edu.ec\/cictd\/wp-json\/wp\/v2\/types\/page"}],"author":[{"embeddable":true,"href":"https:\/\/congresos.uleam.edu.ec\/cictd\/wp-json\/wp\/v2\/users\/3"}],"replies":[{"embeddable":true,"href":"https:\/\/congresos.uleam.edu.ec\/cictd\/wp-json\/wp\/v2\/comments?post=25"}],"version-history":[{"count":12,"href":"https:\/\/congresos.uleam.edu.ec\/cictd\/wp-json\/wp\/v2\/pages\/25\/revisions"}],"predecessor-version":[{"id":232,"href":"https:\/\/congresos.uleam.edu.ec\/cictd\/wp-json\/wp\/v2\/pages\/25\/revisions\/232"}],"wp:attachment":[{"href":"https:\/\/congresos.uleam.edu.ec\/cictd\/wp-json\/wp\/v2\/media?parent=25"}],"curies":[{"name":"wp","href":"https:\/\/api.w.org\/{rel}","templated":true}]}}