{"id":185,"date":"2025-07-15T19:54:48","date_gmt":"2025-07-16T00:54:48","guid":{"rendered":"https:\/\/congresos.uleam.edu.ec\/cictd\/?page_id=185"},"modified":"2025-10-04T16:29:31","modified_gmt":"2025-10-04T21:29:31","slug":"locacion","status":"publish","type":"page","link":"https:\/\/congresos.uleam.edu.ec\/cictd\/locacion\/","title":{"rendered":"Locaci\u00f3n"},"content":{"rendered":"\n<p><strong>Mapa del congreso<\/strong><\/p>\n\n\n\n<p>El Primer Congreso de Comunicaci\u00f3n y Transformaci\u00f3n Digital 2025 se desarrollar\u00e1 en modalidad h\u00edbrida. El&nbsp;<strong>mi\u00e9rcoles 8 de octubre<\/strong>, de 08h00 a 17h00, se realizar\u00e1n&nbsp;<strong>cuatro conferencias magistrales presenciales<\/strong>&nbsp;en el auditorio de la Carrera de Comunicaci\u00f3n, con transmisi\u00f3n en l\u00ednea. El&nbsp;<strong>jueves 9 de octubre<\/strong>, de 09h30 a 17h00, se presentar\u00e1n&nbsp;<strong>39 ponencias acad\u00e9micas en modalidad virtual<\/strong>, organizadas en&nbsp;<strong>tres sesiones paralelas<\/strong>. <\/p>\n\n\n\n<p>En el mapa a continuaci\u00f3n se muestra la ubicaci\u00f3n de la carrera de Comunicaci\u00f3n; a los lados de esta se localiza el auditorio donde se realizaran las conferencias magistrales.<\/p>\n\n\n\n<figure class=\"wp-block-image size-large\"><a href=\"https:\/\/maps.app.goo.gl\/rexeuyMXW8AW4jBk8\"><img fetchpriority=\"high\" decoding=\"async\" width=\"1024\" height=\"479\" src=\"https:\/\/congresos.uleam.edu.ec\/cictd\/wp-content\/uploads\/sites\/4\/2025\/09\/image-1024x479.png\" alt=\"\" class=\"wp-image-345\" srcset=\"https:\/\/congresos.uleam.edu.ec\/cictd\/wp-content\/uploads\/sites\/4\/2025\/09\/image-1024x479.png 1024w, https:\/\/congresos.uleam.edu.ec\/cictd\/wp-content\/uploads\/sites\/4\/2025\/09\/image-300x140.png 300w, https:\/\/congresos.uleam.edu.ec\/cictd\/wp-content\/uploads\/sites\/4\/2025\/09\/image-768x360.png 768w, https:\/\/congresos.uleam.edu.ec\/cictd\/wp-content\/uploads\/sites\/4\/2025\/09\/image.png 1303w\" sizes=\"(max-width: 1024px) 100vw, 1024px\" \/><\/a><\/figure>\n\n\n\n<p><strong>Hospedaje<\/strong><\/p>\n\n\n\n<p>La organizaci\u00f3n del congreso recomienda como opci\u00f3n de hospedaje el Hotel Oro Verde Manta, reconocido por su seguridad, comodidad y cercan\u00eda al lugar del evento. Ubicado a pocos pasos de la playa y a tan solo cinco minutos en auto de la sede del congreso, este hotel ofrece una experiencia de alojamiento integral en la costa del Pac\u00edfico ecuatoriano.<\/p>\n\n\n\n<p>El Hotel Oro Verde Manta es un Hotel &amp; Resort cinco estrellas que dispone de servicios de primer nivel con Piscinas, jacuzzi y duchas tipo lluvia; Cuatro restaurantes en sus instalaciones; Spa con sauna y servicio de masajes en la habitaci\u00f3n.<\/p>\n\n\n\n<p><strong>Direcci\u00f3n:<\/strong> Malec\u00f3n de Manta y Calle 23, Manta, Manab\u00ed 130213<br><strong>Tel\u00e9fono:<\/strong> +593 5 370-1230<br><strong>Instagram:<\/strong> <a href=\"https:\/\/www.instagram.com\/oroverde_manta\/\">Oro Verde Manta<\/a><br><strong>Sitio web:<\/strong> <a href=\"https:\/\/www.oroverdemanta.com\/es\/?utm_source=chatgpt.com\">www.oroverdemanta.com\/es<\/a><\/p>\n\n\n\n<p>Para otras alternativas de hospedaje, puede consultar en <a href=\"https:\/\/www.airbnb.com.ec\/s\/Universidad-Laica-Eloy-Alfaro-De-Manabi--Manta--Ecuador\/homes?refinement_paths%5B%5D=%2Fhomes&amp;place_id=ChIJzUjIXmrhK5ARZI4GDtn3DqY&amp;adults=1&amp;query=Universidad%20Laica%20Eloy%20Alfaro%20De%20Manabi%2C%20Manta%2C%20Ecuador&amp;flexible_trip_lengths%5B%5D=one_week&amp;monthly_start_date=2025-10-01&amp;monthly_length=3&amp;monthly_end_date=2026-01-01&amp;search_mode=regular_search&amp;price_filter_input_type=2&amp;channel=EXPLORE&amp;ne_lat=-0.9286652097589035&amp;ne_lng=-80.73013060562181&amp;sw_lat=-0.9692724826942967&amp;sw_lng=-80.76911778211854&amp;zoom=14.111517283395061&amp;zoom_level=14&amp;search_by_map=true&amp;search_type=unknown&amp;price_filter_num_nights=5&amp;date_picker_type=calendar&amp;checkin=2025-10-08&amp;checkout=2025-10-09&amp;source=structured_search_input_header\">Airbnb<\/a>, <a href=\"https:\/\/www.booking.com\/searchresults.es.html?ss=Universidad+Laica+Eloy+Alfaro+De+Manabi&amp;ssne=Manta&amp;ssne_untouched=Manta&amp;theme_id=1&amp;efdco=1&amp;label=manta-lBkZWcDhlII4dyH*uoXxEQS459789886211%3Apl%3Ata%3Ap1%3Ap2%3Aac%3Aap%3Aneg%3Afi%3Atikwd-300170289353%3Alp1005376%3Ali%3Adec%3Adm&amp;sid=ed2a46306cc1530297c2b6954c849114&amp;aid=375804&amp;lang=es&amp;sb=1&amp;src_elem=sb&amp;src=city&amp;dest_id=ChIJzUjIXmrhK5ARZI4GDtn3DqY&amp;dest_type=latlong&amp;latitude=-0.9533683&amp;longitude=-80.7456925&amp;ac_position=0&amp;ac_click_type=g&amp;ac_langcode=es&amp;ac_suggestion_list_length=5&amp;search_selected=true&amp;search_pageview_id=03ce168522380254&amp;ac_meta=KAIyAmVzWhFwb2ludF9vZl9pbnRlcmVzdA%3D%3D&amp;checkin=2025-10-08&amp;checkout=2025-10-09&amp;group_adults=1&amp;no_rooms=1&amp;group_children=0&amp;sb_travel_purpose=leisure&amp;sb_lp=1\">Booking.com<\/a> u otras plataformas de su preferencia.<\/p>\n\n\n\n<p><strong>Restaurantes<\/strong><\/p>\n\n\n\n<p>La organizaci\u00f3n del congreso recomienda como opci\u00f3n gastron\u00f3mica <strong>Casa Rosada<\/strong>, un restaurante que combina tradici\u00f3n, historia y sabores manabitas en un entorno \u00fanico. El edificio donde funciona, construido en 1918 por arquitectos franceses, fue cuidadosamente restaurado para preservar su valor patrimonial, integrando a la vez tecnolog\u00eda y comodidades actuales.<\/p>\n\n\n\n<p>En sus diferentes espacios, los visitantes pueden disfrutar de una propuesta culinaria que rescata la herencia ancestral de la gastronom\u00eda manabita y la reinventa en un ambiente de elegancia y distinci\u00f3n. Casa Rosada ofrece una experiencia que une pasado y presente, convirti\u00e9ndose en un punto de encuentro cultural y gastron\u00f3mico en el centro de Manta.<\/p>\n\n\n\n<p><strong>Direcci\u00f3n:<\/strong> Avenida Primera, Calle 11, diagonal al Parque de la Madre, Manta, Manab\u00ed<br><strong>Sitio web:<\/strong> <a>www.casarosadamanta.com<\/a><br><strong>Instagram:<\/strong> <a href=\"https:\/\/www.instagram.com\/casarosadamanta\">@casarosadamanta<\/a><\/p>\n\n\n\n<p>Adem\u00e1s, dentro del campus universitario los asistentes al congreso encontrar\u00e1n los restaurants universitarios <strong>Tasty Food<\/strong>, ubicados a pocos metros de la carrera del congreso:<\/p>\n\n\n\n<ul class=\"wp-block-list\">\n<li><strong>Tasty Food #1:<\/strong> Frente a las canchas m\u00faltiples<\/li>\n\n\n\n<li><strong>Tasty Food #2:<\/strong> En la zona de \u00c1reas de la salud<\/li>\n\n\n\n<li><strong>Tasty Food #4:<\/strong> Al lado de la U.E. Juan Montalvo<\/li>\n<\/ul>\n\n\n\n<p>Presentando la <strong>credencial del congreso<\/strong>, los participantes recibir\u00e1n un <strong>15 % de descuento en sus consumos<\/strong> en cualquiera de estos establecimientos.<\/p>\n\n\n\n<p><strong>Movilizaci\u00f3n dentro de la ciudad<\/strong><\/p>\n\n\n\n<p>Para movilizarse dentro de la ciudad, los asistentes pueden acceder a los servicios de transporte disponibles:<\/p>\n\n\n\n<ul class=\"wp-block-list\">\n<li><strong>Cooperativa de Taxis Universitaria<\/strong>, con base en los exteriores de la ULEAM, que ofrece traslados seguros y directos hacia diferentes puntos de Manta.<br>Facebook: <a href=\"https:\/\/www.facebook.com\/taxiuniversitaria\/?locale=es_LA\">https:\/\/www.facebook.com\/taxiuniversitaria\/?locale=es_LA<\/a><\/li>\n\n\n\n<li><strong>UBER<\/strong>, servicio que opera en la ciudad y permite solicitar transporte de manera r\u00e1pida y pr\u00e1ctica mediante la aplicaci\u00f3n m\u00f3vil.<br>Uber: <a href=\"https:\/\/www.uber.com\/global\/es\/r\/cities\/manta-manabi-ec\/\">https:\/\/www.uber.com\/global\/es\/r\/cities\/manta-manabi-ec\/<\/a><\/li>\n<\/ul>\n\n\n\n<p><\/p>\n\n\n\n<p><strong>Servicios de Salud<\/strong><\/p>\n\n\n\n<p>En caso de requerir atenci\u00f3n m\u00e9dica, la universidad se encuentra muy cerca del <strong>Hospital Rodr\u00edguez Zambrano (HRZ Manta)<\/strong>, ubicado a menos de 5 minutos a pie desde la Carrera de Comunicaci\u00f3n. Este hospital constituye una de las principales casas de salud de la ciudad y forma parte de la amplia oferta sanitaria disponible en Manta. Su cercan\u00eda garantiza a los asistentes del congreso un acceso r\u00e1pido y oportuno en caso de emergencias.<br>Ubicaci\u00f3n HRZ: <a href=\"https:\/\/www.google.com\/maps\/dir\/-0.9531394,-80.7437863\/Hospital+Rodr%C3%ADguez+Zambrano,+Hospital+General,+Dr.+Rafael+Rodriguez+Zambrano,+Manta+130203\/@-0.9535531,-80.7442745,18z\/data=!3m1!4b1!4m8!4m7!1m0!1m5!1m1!1s0x902be141bf0104db:0xd0cc3791ac7e3f37!2m2!1d-80.7421877!2d-0.9537938?entry=ttu\" data-type=\"link\" data-id=\"https:\/\/www.google.com\/maps\/dir\/-0.9531394,-80.7437863\/Hospital+Rodr%C3%ADguez+Zambrano,+Hospital+General,+Dr.+Rafael+Rodriguez+Zambrano,+Manta+130203\/@-0.9535531,-80.7442745,18z\/data=!3m1!4b1!4m8!4m7!1m0!1m5!1m1!1s0x902be141bf0104db:0xd0cc3791ac7e3f37!2m2!1d-80.7421877!2d-0.9537938?entry=ttu\">https:\/\/maps.app.goo.gl\/tZuzKYHUXpdmByiM7<\/a><\/p>\n\n\n\n<p><strong>Turismo<\/strong><\/p>\n\n\n\n<p>Para obtener m\u00e1s informaci\u00f3n sobre los atractivos de la ciudad, los asistentes pueden consultar el portal oficial de turismo de Manta: <a href=\"https:\/\/manta.gob.ec\/turismo\/\">https:\/\/manta.gob.ec\/turismo\/<\/a>. <\/p>\n\n\n\n<p>Asimismo, se recomienda descargar la aplicaci\u00f3n <strong>Manta Turismo<\/strong>, desarrollada por el GAD de Manta, disponible para dispositivos m\u00f3viles:<\/p>\n\n\n\n<ul class=\"wp-block-list\">\n<li>Android: <a href=\"https:\/\/play.google.com\/store\/apps\/details?id=com.manta.turismo&amp;hl=es_EC\">https:\/\/play.google.com\/store\/apps\/details?id=com.manta.turismo&amp;hl=es_EC<\/a><\/li>\n\n\n\n<li>iOS: <a href=\"https:\/\/apps.apple.com\/ec\/app\/manta-turismo\/id6742467067?l=en-GB\">https:\/\/apps.apple.com\/ec\/app\/manta-turismo\/id6742467067?l=en-GB<\/a><\/li>\n<\/ul>\n","protected":false},"excerpt":{"rendered":"<p>Mapa del congreso El Primer Congreso de Comunicaci\u00f3n y Transformaci\u00f3n Digital 2025 se desarrollar\u00e1 en modalidad h\u00edbrida. El&nbsp;mi\u00e9rcoles 8 de octubre, de 08h00 a 17h00, se realizar\u00e1n&nbsp;cuatro conferencias magistrales presenciales&nbsp;en el auditorio de la Carrera de Comunicaci\u00f3n, con transmisi\u00f3n en l\u00ednea. El&nbsp;jueves 9 de octubre, de 09h30 a 17h00, se presentar\u00e1n&nbsp;39 ponencias acad\u00e9micas en modalidad virtual, organizadas en&nbsp;tres sesiones paralelas. [&hellip;]<\/p>\n","protected":false},"author":3,"featured_media":0,"parent":0,"menu_order":0,"comment_status":"closed","ping_status":"closed","template":"","meta":{"footnotes":""},"class_list":["post-185","page","type-page","status-publish","hentry"],"_links":{"self":[{"href":"https:\/\/congresos.uleam.edu.ec\/cictd\/wp-json\/wp\/v2\/pages\/185","targetHints":{"allow":["GET"]}}],"collection":[{"href":"https:\/\/congresos.uleam.edu.ec\/cictd\/wp-json\/wp\/v2\/pages"}],"about":[{"href":"https:\/\/congresos.uleam.edu.ec\/cictd\/wp-json\/wp\/v2\/types\/page"}],"author":[{"embeddable":true,"href":"https:\/\/congresos.uleam.edu.ec\/cictd\/wp-json\/wp\/v2\/users\/3"}],"replies":[{"embeddable":true,"href":"https:\/\/congresos.uleam.edu.ec\/cictd\/wp-json\/wp\/v2\/comments?post=185"}],"version-history":[{"count":24,"href":"https:\/\/congresos.uleam.edu.ec\/cictd\/wp-json\/wp\/v2\/pages\/185\/revisions"}],"predecessor-version":[{"id":604,"href":"https:\/\/congresos.uleam.edu.ec\/cictd\/wp-json\/wp\/v2\/pages\/185\/revisions\/604"}],"wp:attachment":[{"href":"https:\/\/congresos.uleam.edu.ec\/cictd\/wp-json\/wp\/v2\/media?parent=185"}],"curies":[{"name":"wp","href":"https:\/\/api.w.org\/{rel}","templated":true}]}}